{"id":3036,"date":"2026-02-20T12:25:15","date_gmt":"2026-02-20T12:25:15","guid":{"rendered":"https:\/\/melting-voyages.com\/?post_type=product&#038;p=3036"},"modified":"2026-02-20T12:57:54","modified_gmt":"2026-02-20T12:57:54","slug":"road-trip-en-algerie-dz","status":"publish","type":"product","link":"https:\/\/melting-voyages.com\/en\/trip\/road-trip-en-algerie-dz\/","title":{"rendered":"Road trip en Alg\u00e9rie !"},"content":{"rendered":"<p><strong>\ud83c\udf0d Melting Voyages revient dans le d\u00e9sert alg\u00e9rien \ud83c\udde9\ud83c\uddff<\/strong><\/p>\n<p><strong>Deuxi\u00e8me \u00e9dition \u2013 suite au succ\u00e8s de la premi\u00e8re<\/strong><br \/>\nApr\u00e8s une premi\u00e8re \u00e9dition exceptionnelle, riche en \u00e9motions, en rencontres et en souvenirs inoubliables, Melting Voyages est fier de lancer une nouvelle aventure saharienne au c\u0153ur du Tassili N\u2019Ajjer, <strong>l\u2019un des plus beaux d\u00e9serts du monde en PENSION COMPLETE.<\/strong><\/p>\n<p><strong>\u2728 Ce que tu vas vivre :<\/strong><\/p>\n<p>\ud83c\udfdc\ufe0f 4 jours complets dans le d\u00e9sert du Tassili N\u2019Ajjer<br \/>\n\ud83d\udd25 2 nuits en camping traditionnel, dont une soir\u00e9e BBQ sous les \u00e9toiles<br \/>\n\ud83d\udc2a Immersion totale avec une \u00e9quipe touar\u00e8gue (guides, cuisiniers, musiciens)<br \/>\n\ud83c\udf04 Randonn\u00e9es sahariennes, veill\u00e9es et couchers de soleil spectaculaires<br \/>\n\ud83c\udfb6 Ambiance musicale traditionnelle autour du feu<\/p>\n<p><strong>\u2705 Inclus dans le voyage :<\/strong><\/p>\n<p>\u2708\ufe0f Vols internationaux Paris \u2013 Alger \u2013 Djanet (A\/R)<br \/>\n\ud83c\udfe8 H\u00e9bergements &amp; campements (6 nuits au total)<br \/>\n\ud83e\udd58 Pension compl\u00e8te + BBQ sp\u00e9cial<br \/>\n\ud83d\ude99 Transports en 4&#215;4 sur place<br \/>\n\ud83c\udf9f\ufe0f Encadrement par une \u00e9quipe locale de 10 Touaregs<br \/>\n\ud83d\udecf\ufe0f Mat\u00e9riel de bivouac complet<br \/>\n\ud83d\udc65 Accompagnement par l\u2019\u00e9quipe Melting Voyages<br \/>\n\ud83d\udd25 Ambiance conviviale, authentique et humaine<\/p>\n<p>Une immersion hors du temps, entre dunes dor\u00e9es, hospitalit\u00e9 touar\u00e8gue, nuits \u00e9toil\u00e9es et silence magique du Sahara.<\/p>\n","protected":false},"excerpt":{"rendered":"<p>\ud83c\udf0d Melting Voyages revient dans le d\u00e9sert alg\u00e9rien \ud83c\udde9\ud83c\uddff Deuxi\u00e8me \u00e9dition \u2013 suite au succ\u00e8s de la premi\u00e8re Apr\u00e8s une premi\u00e8re \u00e9dition exceptionnelle, riche en \u00e9motions, en rencontres et en souvenirs inoubliables, Melting Voyages est fier de lancer une nouvelle aventure saharienne au c\u0153ur du Tassili N\u2019Ajjer, l\u2019un des plus beaux d\u00e9serts du monde en [&hellip;]<\/p>\n","protected":false},"featured_media":3039,"template":"","meta":{"total_days":"7","total_nights":"6"},"product_brand":[],"product_cat":[39,35],"product_tag":[],"class_list":{"0":"post-3036","1":"product","2":"type-product","3":"status-publish","4":"has-post-thumbnail","6":"product_cat-africa","7":"product_cat-destinations","9":"first","10":"instock","11":"sold-individually","12":"shipping-taxable","13":"purchasable","14":"product-type-variable","15":"has-default-attributes"},"_links":{"self":[{"href":"https:\/\/melting-voyages.com\/en\/wp-json\/wp\/v2\/product\/3036","targetHints":{"allow":["GET"]}}],"collection":[{"href":"https:\/\/melting-voyages.com\/en\/wp-json\/wp\/v2\/product"}],"about":[{"href":"https:\/\/melting-voyages.com\/en\/wp-json\/wp\/v2\/types\/product"}],"version-history":[{"count":2,"href":"https:\/\/melting-voyages.com\/en\/wp-json\/wp\/v2\/product\/3036\/revisions"}],"predecessor-version":[{"id":3046,"href":"https:\/\/melting-voyages.com\/en\/wp-json\/wp\/v2\/product\/3036\/revisions\/3046"}],"wp:featuredmedia":[{"embeddable":true,"href":"https:\/\/melting-voyages.com\/en\/wp-json\/wp\/v2\/media\/3039"}],"wp:attachment":[{"href":"https:\/\/melting-voyages.com\/en\/wp-json\/wp\/v2\/media?parent=3036"}],"wp:term":[{"taxonomy":"product_brand","embeddable":true,"href":"https:\/\/melting-voyages.com\/en\/wp-json\/wp\/v2\/product_brand?post=3036"},{"taxonomy":"product_cat","embeddable":true,"href":"https:\/\/melting-voyages.com\/en\/wp-json\/wp\/v2\/product_cat?post=3036"},{"taxonomy":"product_tag","embeddable":true,"href":"https:\/\/melting-voyages.com\/en\/wp-json\/wp\/v2\/product_tag?post=3036"}],"curies":[{"name":"wp","href":"https:\/\/api.w.org\/{rel}","templated":true}]}}