{"id":3026,"date":"2026-01-18T10:07:00","date_gmt":"2026-01-18T10:07:00","guid":{"rendered":"https:\/\/melting-voyages.com\/?post_type=product&#038;p=3026"},"modified":"2026-01-18T10:11:08","modified_gmt":"2026-01-18T10:11:08","slug":"oman-la-perle-darabie-2026","status":"publish","type":"product","link":"https:\/\/melting-voyages.com\/en\/trip\/oman-la-perle-darabie-2026\/","title":{"rendered":"Oman : La Perle d&#8217;Arabie"},"content":{"rendered":"<p data-start=\"81\" data-end=\"156\">Apr\u00e8s le succ\u00e8s de nos 2 premi\u00e8res \u00e9ditions, on repart \u00e0 l\u2019aventure \u00e0 Oman.<\/p>\n<p data-start=\"158\" data-end=\"325\">10 jours entre d\u00e9sert, wadis et montagnes, \u00e0 la rencontre d\u2019un pays fascinant o\u00f9 la mer turquoise c\u00f4toie les dunes dor\u00e9es et les traditions se m\u00ealent \u00e0 la modernit\u00e9.<\/p>\n<ul data-start=\"327\" data-end=\"510\">\n<li data-start=\"327\" data-end=\"367\">\n<p data-start=\"329\" data-end=\"367\">Nuit sous les \u00e9toiles dans le d\u00e9sert<\/p>\n<\/li>\n<li data-start=\"368\" data-end=\"396\">\n<p data-start=\"370\" data-end=\"396\">Baignades dans les wadis<\/p>\n<\/li>\n<li data-start=\"397\" data-end=\"440\">\n<p data-start=\"399\" data-end=\"440\">Montagnes de Jebel Shams &amp; Jebel Akhdar<\/p>\n<\/li>\n<li data-start=\"441\" data-end=\"475\">\n<p data-start=\"443\" data-end=\"475\">D\u00e9couverte de Mascate et Nizwa<\/p>\n<\/li>\n<li data-start=\"476\" data-end=\"510\">\n<p data-start=\"478\" data-end=\"510\">Snorkeling aux \u00eeles Daymaniyat<\/p>\n<\/li>\n<\/ul>\n<p data-start=\"512\" data-end=\"593\" data-is-last-node=\"\" data-is-only-node=\"\">Une aventure Melting unique, \u00e0 partager avec une tribu de voyageurs passionn\u00e9s.<\/p>\n","protected":false},"excerpt":{"rendered":"<p>Apr\u00e8s le succ\u00e8s de nos 2 premi\u00e8res \u00e9ditions, on repart \u00e0 l\u2019aventure \u00e0 Oman. 10 jours entre d\u00e9sert, wadis et montagnes, \u00e0 la rencontre d\u2019un pays fascinant o\u00f9 la mer turquoise c\u00f4toie les dunes dor\u00e9es et les traditions se m\u00ealent \u00e0 la modernit\u00e9. Nuit sous les \u00e9toiles dans le d\u00e9sert Baignades dans les wadis Montagnes [&hellip;]<\/p>\n","protected":false},"featured_media":2398,"template":"","meta":{"total_days":"10","total_nights":"9"},"product_brand":[],"product_cat":[35],"product_tag":[],"class_list":{"0":"post-3026","1":"product","2":"type-product","3":"status-publish","4":"has-post-thumbnail","6":"product_cat-destinations","8":"first","9":"instock","10":"sold-individually","11":"shipping-taxable","12":"purchasable","13":"product-type-variable","14":"has-default-attributes"},"_links":{"self":[{"href":"https:\/\/melting-voyages.com\/en\/wp-json\/wp\/v2\/product\/3026","targetHints":{"allow":["GET"]}}],"collection":[{"href":"https:\/\/melting-voyages.com\/en\/wp-json\/wp\/v2\/product"}],"about":[{"href":"https:\/\/melting-voyages.com\/en\/wp-json\/wp\/v2\/types\/product"}],"version-history":[{"count":1,"href":"https:\/\/melting-voyages.com\/en\/wp-json\/wp\/v2\/product\/3026\/revisions"}],"predecessor-version":[{"id":3029,"href":"https:\/\/melting-voyages.com\/en\/wp-json\/wp\/v2\/product\/3026\/revisions\/3029"}],"wp:featuredmedia":[{"embeddable":true,"href":"https:\/\/melting-voyages.com\/en\/wp-json\/wp\/v2\/media\/2398"}],"wp:attachment":[{"href":"https:\/\/melting-voyages.com\/en\/wp-json\/wp\/v2\/media?parent=3026"}],"wp:term":[{"taxonomy":"product_brand","embeddable":true,"href":"https:\/\/melting-voyages.com\/en\/wp-json\/wp\/v2\/product_brand?post=3026"},{"taxonomy":"product_cat","embeddable":true,"href":"https:\/\/melting-voyages.com\/en\/wp-json\/wp\/v2\/product_cat?post=3026"},{"taxonomy":"product_tag","embeddable":true,"href":"https:\/\/melting-voyages.com\/en\/wp-json\/wp\/v2\/product_tag?post=3026"}],"curies":[{"name":"wp","href":"https:\/\/api.w.org\/{rel}","templated":true}]}}