{"id":2707,"date":"2025-08-27T14:14:03","date_gmt":"2025-08-27T14:14:03","guid":{"rendered":"https:\/\/melting-voyages.com\/?post_type=product&#038;p=2707"},"modified":"2026-01-14T09:32:27","modified_gmt":"2026-01-14T09:32:27","slug":"bresil-plages-carnaval","status":"publish","type":"product","link":"https:\/\/melting-voyages.com\/en\/trip\/bresil-plages-carnaval\/","title":{"rendered":"Br\u00e9sil Vibrant : plages, samba &#038; Carnaval"},"content":{"rendered":"<p data-start=\"149\" data-end=\"312\">Cet hiver, pr\u00e9pare-toi pour une <strong data-start=\"181\" data-end=\"216\">immersion unique au Br\u00e9sil \ud83c\udde7\ud83c\uddf7<\/strong>, entre plages paradisiaques, nature luxuriante et l\u2019ambiance \u00e9lectrisante du Carnaval de Rio.<\/p>\n<p data-start=\"314\" data-end=\"471\">On t\u2019emm\u00e8ne vivre une <strong data-start=\"336\" data-end=\"377\">aventure exceptionnelle de 2 semaines<\/strong> entre Rio de Janeiro, Ilha Grande, avec une ambiance fun, festive et conviviale \u2728<\/p>\n<h3 data-start=\"478\" data-end=\"509\">Ce que tu vas d\u00e9couvrir :<\/h3>\n<ul>\n<li data-start=\"511\" data-end=\"645\"><strong data-start=\"514\" data-end=\"532\">Rio de Janeiro<\/strong> : Corcovado et son Christ R\u00e9dempteur, Pain de Sucre, Copacabana, Santa Teresa et les nuits enflamm\u00e9es de Lapa.<\/li>\n<li data-start=\"647\" data-end=\"781\"><strong data-start=\"650\" data-end=\"665\">Ilha Grande<\/strong> : Plages de r\u00eave, lagune bleue, snorkeling et balade vers Lopes Mendes, class\u00e9e parmi les plus belles du pays.<\/li>\n<li data-start=\"919\" data-end=\"1043\"><strong data-start=\"922\" data-end=\"941\">Carnaval de Rio<\/strong> : Blocos de rue d\u00e9cha\u00een\u00e9s, samba endiabl\u00e9e et le mythique d\u00e9fil\u00e9 des \u00e9coles de samba au Sambodrome.<\/li>\n<li data-start=\"919\" data-end=\"1043\"><strong>Rocinha<\/strong> : la plus grande favela de Rio, une exp\u00e9rience forte et authentique<\/li>\n<\/ul>\n<p data-start=\"1050\" data-end=\"1164\">Une aventure Melting unique, entre f\u00eate, culture et nature, \u00e0 partager avec une tribu de voyageurs passionn\u00e9s.<\/p>\n","protected":false},"excerpt":{"rendered":"<p>Cet hiver, pr\u00e9pare-toi pour une immersion unique au Br\u00e9sil \ud83c\udde7\ud83c\uddf7, entre plages paradisiaques, nature luxuriante et l\u2019ambiance \u00e9lectrisante du Carnaval de Rio. On t\u2019emm\u00e8ne vivre une aventure exceptionnelle de 2 semaines entre Rio de Janeiro, Ilha Grande, avec une ambiance fun, festive et conviviale \u2728 Ce que tu vas d\u00e9couvrir : Rio de Janeiro : [&hellip;]<\/p>\n","protected":false},"featured_media":2728,"template":"","meta":{"total_days":"14","total_nights":"12"},"product_brand":[],"product_cat":[35],"product_tag":[71],"class_list":{"0":"post-2707","1":"product","2":"type-product","3":"status-publish","4":"has-post-thumbnail","6":"product_cat-destinations","7":"product_tag-complet","9":"first","10":"outofstock","11":"sold-individually","12":"shipping-taxable","13":"purchasable","14":"product-type-variable","15":"has-default-attributes"},"_links":{"self":[{"href":"https:\/\/melting-voyages.com\/en\/wp-json\/wp\/v2\/product\/2707","targetHints":{"allow":["GET"]}}],"collection":[{"href":"https:\/\/melting-voyages.com\/en\/wp-json\/wp\/v2\/product"}],"about":[{"href":"https:\/\/melting-voyages.com\/en\/wp-json\/wp\/v2\/types\/product"}],"version-history":[{"count":5,"href":"https:\/\/melting-voyages.com\/en\/wp-json\/wp\/v2\/product\/2707\/revisions"}],"predecessor-version":[{"id":3007,"href":"https:\/\/melting-voyages.com\/en\/wp-json\/wp\/v2\/product\/2707\/revisions\/3007"}],"wp:featuredmedia":[{"embeddable":true,"href":"https:\/\/melting-voyages.com\/en\/wp-json\/wp\/v2\/media\/2728"}],"wp:attachment":[{"href":"https:\/\/melting-voyages.com\/en\/wp-json\/wp\/v2\/media?parent=2707"}],"wp:term":[{"taxonomy":"product_brand","embeddable":true,"href":"https:\/\/melting-voyages.com\/en\/wp-json\/wp\/v2\/product_brand?post=2707"},{"taxonomy":"product_cat","embeddable":true,"href":"https:\/\/melting-voyages.com\/en\/wp-json\/wp\/v2\/product_cat?post=2707"},{"taxonomy":"product_tag","embeddable":true,"href":"https:\/\/melting-voyages.com\/en\/wp-json\/wp\/v2\/product_tag?post=2707"}],"curies":[{"name":"wp","href":"https:\/\/api.w.org\/{rel}","templated":true}]}}